{"id":4019,"date":"2025-10-24T07:15:25","date_gmt":"2025-10-24T05:15:25","guid":{"rendered":"https:\/\/shop.ilocki-podrumi.hr\/?post_type=product&#038;p=4019"},"modified":"2026-04-19T23:44:45","modified_gmt":"2026-04-19T21:44:45","slug":"grasevina-arhivsko-vino-berba-2008","status":"publish","type":"product","link":"https:\/\/shop.ilocki-podrumi.hr\/en\/wine\/grasevina-arhivsko-vino-berba-2008\/","title":{"rendered":"Gra\u0161evina arhivsko vino &#8211; berba 2008."},"content":{"rendered":"<p>Vino ima boju starog zlata. Lijepe sortne arome, u mirisu diskretno med, kompot. Okus pun, sna\u017ean. Netipi\u010dno arhivsko vino, koje vi\u0161e ostavlja dojam ozbiljnog i velikog suhog vina.<\/p>\n","protected":false},"excerpt":{"rendered":"<p>Arhivska vina Ilo\u010dkih podruma bogato su naslje\u0111e vremena zaustavljenog u boci \u010dije tajne \u010duvamo u na\u0161em Starom podrumu iz 1450. godine.<br \/>\nVina odle\u017eavaju u arhivi na posebnoj temperaturi te odle\u017eavanjem razvijaju svoje tercijarne note i pono\u0107u. U arhivi Starog podruma \u010duvaju se ve\u0107inom bijela vina, a najvrjednije me\u0111u njima je Traminac iz 1947. godine koji se slu\u017eio i na proslavi krunidbe kraljice Elizabete II. 1953. godine, i to 11 000 butelja.<br \/>\nKu\u0161anje arhivskog vina predstavlja posebno iskustvo sa\u010dinjeno od znati\u017eelje, o\u010dekivanja i do\u017eivljaja ljepote vremena koje je zaustavljeno u boci.<br \/>\nOvdje svako vino nosi svoju pri\u010du i \u010duva svoje tajne.<\/p>\n<p>Svako arhivsko vino dolazi u pomno izra\u0111enoj drvenoj poklon-kutiji, uz originalni certifikat s pe\u010datom koji potvr\u0111uje njegovu autenti\u010dnost i ekskluzivno podrijetlo.<\/p>\n","protected":false},"featured_media":4020,"comment_status":"closed","ping_status":"closed","template":"","meta":{"_acf_changed":false},"product_brand":[],"product_cat":[122],"product_tag":[],"class_list":{"0":"post-4019","1":"product","2":"type-product","3":"status-publish","4":"has-post-thumbnail","6":"product_cat-arhivska-vina","8":"first","9":"instock","10":"taxable","11":"shipping-taxable","12":"purchasable","13":"product-type-simple"},"bundled_by":[],"bundle_stock_status":"instock","bundle_stock_quantity":null,"bundle_virtual":false,"bundle_layout":"","bundle_add_to_cart_form_location":"","bundle_editable_in_cart":false,"bundle_sold_individually_context":"","bundle_item_grouping":"","bundle_min_size":"","bundle_max_size":"","bundle_price":[],"bundled_items":[],"bundle_sell_ids":[],"acf":[],"yoast_head":"<!-- This site is optimized with the Yoast SEO plugin v27.5 - https:\/\/yoast.com\/product\/yoast-seo-wordpress\/ -->\n<title>Gra\u0161evina arhivsko vino - berba 2008. - Ilok cellars<\/title>\n<meta name=\"robots\" content=\"index, follow, max-snippet:-1, max-image-preview:large, max-video-preview:-1\" \/>\n<link rel=\"canonical\" href=\"https:\/\/shop.ilocki-podrumi.hr\/en\/wine\/grasevina-arhivsko-vino-berba-2008\/\" \/>\n<meta property=\"og:locale\" content=\"en_US\" \/>\n<meta property=\"og:type\" content=\"article\" \/>\n<meta property=\"og:title\" content=\"Gra\u0161evina arhivsko vino - berba 2008. - Ilok cellars\" \/>\n<meta property=\"og:description\" content=\"Arhivska vina Ilo\u010dkih podruma bogato su naslje\u0111e vremena zaustavljenog u boci \u010dije tajne \u010duvamo u na\u0161em Starom podrumu iz 1450. godine. Vina odle\u017eavaju u arhivi na posebnoj temperaturi te odle\u017eavanjem razvijaju svoje tercijarne note i pono\u0107u. U arhivi Starog podruma \u010duvaju se ve\u0107inom bijela vina, a najvrjednije me\u0111u njima je Traminac iz 1947. godine koji se slu\u017eio i na proslavi krunidbe kraljice Elizabete II. 1953. godine, i to 11 000 butelja. Ku\u0161anje arhivskog vina predstavlja posebno iskustvo sa\u010dinjeno od znati\u017eelje, o\u010dekivanja i do\u017eivljaja ljepote vremena koje je zaustavljeno u boci. Ovdje svako vino nosi svoju pri\u010du i \u010duva svoje tajne. Svako arhivsko vino dolazi u pomno izra\u0111enoj drvenoj poklon-kutiji, uz originalni certifikat s pe\u010datom koji potvr\u0111uje njegovu autenti\u010dnost i ekskluzivno podrijetlo.\" \/>\n<meta property=\"og:url\" content=\"https:\/\/shop.ilocki-podrumi.hr\/en\/wine\/grasevina-arhivsko-vino-berba-2008\/\" \/>\n<meta property=\"og:site_name\" content=\"Ilok cellars\" \/>\n<meta property=\"article:publisher\" content=\"https:\/\/www.facebook.com\/vrhunskovino\/\" \/>\n<meta property=\"article:modified_time\" content=\"2026-04-19T21:44:45+00:00\" \/>\n<meta property=\"og:image\" content=\"https:\/\/shop.ilocki-podrumi.hr\/wp-content\/uploads\/2025\/10\/grasevina-2008.png\" \/>\n\t<meta property=\"og:image:width\" content=\"625\" \/>\n\t<meta property=\"og:image:height\" content=\"884\" \/>\n\t<meta property=\"og:image:type\" content=\"image\/png\" \/>\n<meta name=\"twitter:card\" content=\"summary_large_image\" \/>\n<meta name=\"twitter:site\" content=\"@vinoteke\" \/>\n<script type=\"application\/ld+json\" class=\"yoast-schema-graph\">{\"@context\":\"https:\\\/\\\/schema.org\",\"@graph\":[{\"@type\":\"WebPage\",\"@id\":\"https:\\\/\\\/shop.ilocki-podrumi.hr\\\/en\\\/wine\\\/grasevina-arhivsko-vino-berba-2008\\\/\",\"url\":\"https:\\\/\\\/shop.ilocki-podrumi.hr\\\/en\\\/wine\\\/grasevina-arhivsko-vino-berba-2008\\\/\",\"name\":\"Gra\u0161evina arhivsko vino - berba 2008. - Ilok cellars\",\"isPartOf\":{\"@id\":\"https:\\\/\\\/shop.ilocki-podrumi.hr\\\/en\\\/#website\"},\"primaryImageOfPage\":{\"@id\":\"https:\\\/\\\/shop.ilocki-podrumi.hr\\\/en\\\/wine\\\/grasevina-arhivsko-vino-berba-2008\\\/#primaryimage\"},\"image\":{\"@id\":\"https:\\\/\\\/shop.ilocki-podrumi.hr\\\/en\\\/wine\\\/grasevina-arhivsko-vino-berba-2008\\\/#primaryimage\"},\"thumbnailUrl\":\"https:\\\/\\\/shop.ilocki-podrumi.hr\\\/wp-content\\\/uploads\\\/2025\\\/10\\\/grasevina-2008.png\",\"datePublished\":\"2025-10-24T05:15:25+00:00\",\"dateModified\":\"2026-04-19T21:44:45+00:00\",\"breadcrumb\":{\"@id\":\"https:\\\/\\\/shop.ilocki-podrumi.hr\\\/en\\\/wine\\\/grasevina-arhivsko-vino-berba-2008\\\/#breadcrumb\"},\"inLanguage\":\"en-US\",\"potentialAction\":[{\"@type\":\"ReadAction\",\"target\":[\"https:\\\/\\\/shop.ilocki-podrumi.hr\\\/en\\\/wine\\\/grasevina-arhivsko-vino-berba-2008\\\/\"]}]},{\"@type\":\"ImageObject\",\"inLanguage\":\"en-US\",\"@id\":\"https:\\\/\\\/shop.ilocki-podrumi.hr\\\/en\\\/wine\\\/grasevina-arhivsko-vino-berba-2008\\\/#primaryimage\",\"url\":\"https:\\\/\\\/shop.ilocki-podrumi.hr\\\/wp-content\\\/uploads\\\/2025\\\/10\\\/grasevina-2008.png\",\"contentUrl\":\"https:\\\/\\\/shop.ilocki-podrumi.hr\\\/wp-content\\\/uploads\\\/2025\\\/10\\\/grasevina-2008.png\",\"width\":625,\"height\":884,\"caption\":\"Gra\u0161evina arhivsko vino 2008\"},{\"@type\":\"BreadcrumbList\",\"@id\":\"https:\\\/\\\/shop.ilocki-podrumi.hr\\\/en\\\/wine\\\/grasevina-arhivsko-vino-berba-2008\\\/#breadcrumb\",\"itemListElement\":[{\"@type\":\"ListItem\",\"position\":1,\"name\":\"Po\u010detna stranica\",\"item\":\"https:\\\/\\\/shop.ilocki-podrumi.hr\\\/en\\\/home\\\/\"},{\"@type\":\"ListItem\",\"position\":2,\"name\":\"Wines\",\"item\":\"https:\\\/\\\/shop.ilocki-podrumi.hr\\\/en\\\/wines\\\/\"},{\"@type\":\"ListItem\",\"position\":3,\"name\":\"Gra\u0161evina arhivsko vino &#8211; berba 2008.\"}]},{\"@type\":\"WebSite\",\"@id\":\"https:\\\/\\\/shop.ilocki-podrumi.hr\\\/en\\\/#website\",\"url\":\"https:\\\/\\\/shop.ilocki-podrumi.hr\\\/en\\\/\",\"name\":\"Ilo\u010dki podrumi\",\"description\":\"\",\"publisher\":{\"@id\":\"https:\\\/\\\/shop.ilocki-podrumi.hr\\\/en\\\/#organization\"},\"alternateName\":\"Ilo\u010dki podrumi\",\"potentialAction\":[{\"@type\":\"SearchAction\",\"target\":{\"@type\":\"EntryPoint\",\"urlTemplate\":\"https:\\\/\\\/shop.ilocki-podrumi.hr\\\/en\\\/?s={search_term_string}\"},\"query-input\":{\"@type\":\"PropertyValueSpecification\",\"valueRequired\":true,\"valueName\":\"search_term_string\"}}],\"inLanguage\":\"en-US\"},{\"@type\":\"Organization\",\"@id\":\"https:\\\/\\\/shop.ilocki-podrumi.hr\\\/en\\\/#organization\",\"name\":\"Ilok cellars\",\"url\":\"https:\\\/\\\/shop.ilocki-podrumi.hr\\\/en\\\/\",\"logo\":{\"@type\":\"ImageObject\",\"inLanguage\":\"en-US\",\"@id\":\"https:\\\/\\\/shop.ilocki-podrumi.hr\\\/en\\\/#\\\/schema\\\/logo\\\/image\\\/\",\"url\":\"https:\\\/\\\/shop.ilocki-podrumi.hr\\\/wp-content\\\/uploads\\\/2020\\\/04\\\/ilocki-podrumi-logo-h140tr.png\",\"contentUrl\":\"https:\\\/\\\/shop.ilocki-podrumi.hr\\\/wp-content\\\/uploads\\\/2020\\\/04\\\/ilocki-podrumi-logo-h140tr.png\",\"width\":382,\"height\":140,\"caption\":\"Ilok cellars\"},\"image\":{\"@id\":\"https:\\\/\\\/shop.ilocki-podrumi.hr\\\/en\\\/#\\\/schema\\\/logo\\\/image\\\/\"},\"sameAs\":[\"https:\\\/\\\/www.facebook.com\\\/vrhunskovino\\\/\",\"https:\\\/\\\/x.com\\\/vinoteke\",\"https:\\\/\\\/www.instagram.com\\\/ilocki_podrumi\\\/\"]}]}<\/script>\n<!-- \/ Yoast SEO plugin. -->","yoast_head_json":{"title":"Gra\u0161evina arhivsko vino - berba 2008. - Ilok cellars","robots":{"index":"index","follow":"follow","max-snippet":"max-snippet:-1","max-image-preview":"max-image-preview:large","max-video-preview":"max-video-preview:-1"},"canonical":"https:\/\/shop.ilocki-podrumi.hr\/en\/wine\/grasevina-arhivsko-vino-berba-2008\/","og_locale":"en_US","og_type":"article","og_title":"Gra\u0161evina arhivsko vino - berba 2008. - Ilok cellars","og_description":"Arhivska vina Ilo\u010dkih podruma bogato su naslje\u0111e vremena zaustavljenog u boci \u010dije tajne \u010duvamo u na\u0161em Starom podrumu iz 1450. godine. Vina odle\u017eavaju u arhivi na posebnoj temperaturi te odle\u017eavanjem razvijaju svoje tercijarne note i pono\u0107u. U arhivi Starog podruma \u010duvaju se ve\u0107inom bijela vina, a najvrjednije me\u0111u njima je Traminac iz 1947. godine koji se slu\u017eio i na proslavi krunidbe kraljice Elizabete II. 1953. godine, i to 11 000 butelja. Ku\u0161anje arhivskog vina predstavlja posebno iskustvo sa\u010dinjeno od znati\u017eelje, o\u010dekivanja i do\u017eivljaja ljepote vremena koje je zaustavljeno u boci. Ovdje svako vino nosi svoju pri\u010du i \u010duva svoje tajne. Svako arhivsko vino dolazi u pomno izra\u0111enoj drvenoj poklon-kutiji, uz originalni certifikat s pe\u010datom koji potvr\u0111uje njegovu autenti\u010dnost i ekskluzivno podrijetlo.","og_url":"https:\/\/shop.ilocki-podrumi.hr\/en\/wine\/grasevina-arhivsko-vino-berba-2008\/","og_site_name":"Ilok cellars","article_publisher":"https:\/\/www.facebook.com\/vrhunskovino\/","article_modified_time":"2026-04-19T21:44:45+00:00","og_image":[{"width":625,"height":884,"url":"https:\/\/shop.ilocki-podrumi.hr\/wp-content\/uploads\/2025\/10\/grasevina-2008.png","type":"image\/png"}],"twitter_card":"summary_large_image","twitter_site":"@vinoteke","schema":{"@context":"https:\/\/schema.org","@graph":[{"@type":"WebPage","@id":"https:\/\/shop.ilocki-podrumi.hr\/en\/wine\/grasevina-arhivsko-vino-berba-2008\/","url":"https:\/\/shop.ilocki-podrumi.hr\/en\/wine\/grasevina-arhivsko-vino-berba-2008\/","name":"Gra\u0161evina arhivsko vino - berba 2008. - Ilok cellars","isPartOf":{"@id":"https:\/\/shop.ilocki-podrumi.hr\/en\/#website"},"primaryImageOfPage":{"@id":"https:\/\/shop.ilocki-podrumi.hr\/en\/wine\/grasevina-arhivsko-vino-berba-2008\/#primaryimage"},"image":{"@id":"https:\/\/shop.ilocki-podrumi.hr\/en\/wine\/grasevina-arhivsko-vino-berba-2008\/#primaryimage"},"thumbnailUrl":"https:\/\/shop.ilocki-podrumi.hr\/wp-content\/uploads\/2025\/10\/grasevina-2008.png","datePublished":"2025-10-24T05:15:25+00:00","dateModified":"2026-04-19T21:44:45+00:00","breadcrumb":{"@id":"https:\/\/shop.ilocki-podrumi.hr\/en\/wine\/grasevina-arhivsko-vino-berba-2008\/#breadcrumb"},"inLanguage":"en-US","potentialAction":[{"@type":"ReadAction","target":["https:\/\/shop.ilocki-podrumi.hr\/en\/wine\/grasevina-arhivsko-vino-berba-2008\/"]}]},{"@type":"ImageObject","inLanguage":"en-US","@id":"https:\/\/shop.ilocki-podrumi.hr\/en\/wine\/grasevina-arhivsko-vino-berba-2008\/#primaryimage","url":"https:\/\/shop.ilocki-podrumi.hr\/wp-content\/uploads\/2025\/10\/grasevina-2008.png","contentUrl":"https:\/\/shop.ilocki-podrumi.hr\/wp-content\/uploads\/2025\/10\/grasevina-2008.png","width":625,"height":884,"caption":"Gra\u0161evina arhivsko vino 2008"},{"@type":"BreadcrumbList","@id":"https:\/\/shop.ilocki-podrumi.hr\/en\/wine\/grasevina-arhivsko-vino-berba-2008\/#breadcrumb","itemListElement":[{"@type":"ListItem","position":1,"name":"Po\u010detna stranica","item":"https:\/\/shop.ilocki-podrumi.hr\/en\/home\/"},{"@type":"ListItem","position":2,"name":"Wines","item":"https:\/\/shop.ilocki-podrumi.hr\/en\/wines\/"},{"@type":"ListItem","position":3,"name":"Gra\u0161evina arhivsko vino &#8211; berba 2008."}]},{"@type":"WebSite","@id":"https:\/\/shop.ilocki-podrumi.hr\/en\/#website","url":"https:\/\/shop.ilocki-podrumi.hr\/en\/","name":"Ilo\u010dki podrumi","description":"","publisher":{"@id":"https:\/\/shop.ilocki-podrumi.hr\/en\/#organization"},"alternateName":"Ilo\u010dki podrumi","potentialAction":[{"@type":"SearchAction","target":{"@type":"EntryPoint","urlTemplate":"https:\/\/shop.ilocki-podrumi.hr\/en\/?s={search_term_string}"},"query-input":{"@type":"PropertyValueSpecification","valueRequired":true,"valueName":"search_term_string"}}],"inLanguage":"en-US"},{"@type":"Organization","@id":"https:\/\/shop.ilocki-podrumi.hr\/en\/#organization","name":"Ilok cellars","url":"https:\/\/shop.ilocki-podrumi.hr\/en\/","logo":{"@type":"ImageObject","inLanguage":"en-US","@id":"https:\/\/shop.ilocki-podrumi.hr\/en\/#\/schema\/logo\/image\/","url":"https:\/\/shop.ilocki-podrumi.hr\/wp-content\/uploads\/2020\/04\/ilocki-podrumi-logo-h140tr.png","contentUrl":"https:\/\/shop.ilocki-podrumi.hr\/wp-content\/uploads\/2020\/04\/ilocki-podrumi-logo-h140tr.png","width":382,"height":140,"caption":"Ilok cellars"},"image":{"@id":"https:\/\/shop.ilocki-podrumi.hr\/en\/#\/schema\/logo\/image\/"},"sameAs":["https:\/\/www.facebook.com\/vrhunskovino\/","https:\/\/x.com\/vinoteke","https:\/\/www.instagram.com\/ilocki_podrumi\/"]}]}},"_links":{"self":[{"href":"https:\/\/shop.ilocki-podrumi.hr\/en\/wp-json\/wp\/v2\/product\/4019","targetHints":{"allow":["GET"]}}],"collection":[{"href":"https:\/\/shop.ilocki-podrumi.hr\/en\/wp-json\/wp\/v2\/product"}],"about":[{"href":"https:\/\/shop.ilocki-podrumi.hr\/en\/wp-json\/wp\/v2\/types\/product"}],"replies":[{"embeddable":true,"href":"https:\/\/shop.ilocki-podrumi.hr\/en\/wp-json\/wp\/v2\/comments?post=4019"}],"wp:featuredmedia":[{"embeddable":true,"href":"https:\/\/shop.ilocki-podrumi.hr\/en\/wp-json\/wp\/v2\/media\/4020"}],"wp:attachment":[{"href":"https:\/\/shop.ilocki-podrumi.hr\/en\/wp-json\/wp\/v2\/media?parent=4019"}],"wp:term":[{"taxonomy":"product_brand","embeddable":true,"href":"https:\/\/shop.ilocki-podrumi.hr\/en\/wp-json\/wp\/v2\/product_brand?post=4019"},{"taxonomy":"product_cat","embeddable":true,"href":"https:\/\/shop.ilocki-podrumi.hr\/en\/wp-json\/wp\/v2\/product_cat?post=4019"},{"taxonomy":"product_tag","embeddable":true,"href":"https:\/\/shop.ilocki-podrumi.hr\/en\/wp-json\/wp\/v2\/product_tag?post=4019"}],"curies":[{"name":"wp","href":"https:\/\/api.w.org\/{rel}","templated":true}]}}