{"id":2560,"date":"2020-04-01T08:29:11","date_gmt":"2020-04-01T06:29:11","guid":{"rendered":"https:\/\/shop.ilocki-podrumi.hr\/?page_id=2560"},"modified":"2023-10-01T11:48:24","modified_gmt":"2023-10-01T09:48:24","slug":"privacy-policy","status":"publish","type":"page","link":"https:\/\/shop.ilocki-podrumi.hr\/en\/privacy-policy\/","title":{"rendered":"Privacy policy"},"content":{"rendered":"<p><span style=\"font-weight: 400;\">Ova Pravila o za\u0161titi privatnosti opisuju kako prikupljamo, upotrebljavamo i obra\u0111ujemo va\u0161e podatke, uklju\u010duju\u0107i i osobne podatke, u vezi s va\u0161im pristupom i kori\u0161tenjem web-stranice shop.ilocki-podrumi.hr.<\/span><\/p>\n<p><span style=\"font-weight: 400;\">Popunjavanjem na\u0161ih obrazaca za registraciju ili kontinuiranim kori\u0161tenjem na\u0161ih usluga, pristajete na kori\u0161tenje va\u0161ih osobnih podataka u skladu s ovim pravilima.<\/span><\/p>\n<p><span style=\"font-weight: 400;\">Voditelj obrade podataka je dioni\u010dko dru\u0161tvo Ilo\u010dki podrumi d.d., Dr. Franje Tu\u0111mana 72, 32236 Ilok, MBS 030065083, OIB:38793818363.<\/span><\/p>\n<h2><span style=\"font-weight: 400;\">Koje Va\u0161e osobne podatke obra\u0111ujemo?<\/span><\/h2>\n<p><span style=\"font-weight: 400;\">Prilikom registracije osobe kao Kupca, Ilo\u010dki podrumi \u0107e od budu\u0107eg Kupca zatra\u017eiti pru\u017eanje odre\u0111enih informacija o sebi (osobnih podataka) kao \u0161to su ime i prezime, adresa (uklju\u010duju\u0107i po\u0161tanski broj), e-mail adresa, telefonski broj, korisni\u010dko ime i lozinka.<\/span><\/p>\n<p><span style=\"font-weight: 400;\">Davanje osobnih podataka odluka je Kupca. Ako Kupac ne pru\u017ei tra\u017eene obavezne informacije za odre\u0111enu aktivnost koja ih zahtijeva, ne\u0107e mu biti dopu\u0161teno uklju\u010divanje u takvu aktivnost, jer bez tih podataka aktivnost ne\u0107e biti tehni\u010dki provediva.<\/span><\/p>\n<p><span style=\"font-weight: 400;\">Osim ovih podataka automatski prikupljamo podatke s Va\u0161eg ra\u010dunala kao \u0161to su datum i vrijeme pristupa, informacije o hardveru, softveru ili internetskom pretra\u017eiva\u010du koji koristite kao i o operativnom sustavu Va\u0161eg ra\u010dunala te verziji aplikacije i Va\u0161im jezi\u010dnim postavkama.<\/span><\/p>\n<h2><span style=\"font-weight: 400;\">U koju svrhu se prikupljaju i obra\u0111uju Va\u0161i osobni podaci?<\/span><\/h2>\n<p><span style=\"font-weight: 400;\">Ilo\u010dki podrumi prikupljaju i obra\u0111uju osobne podatke Kupca u svrhu provjere autenti\u010dnosti Kupaca koji pristupaju web-stranici shop.ilocki-podrumi.hr.<\/span><\/p>\n<h2><span style=\"font-weight: 400;\">Razdoblje u kojem \u0107e osobni podaci biti pohranjeni<\/span><\/h2>\n<p><span style=\"font-weight: 400;\">Ilo\u010dki podrumi pohranjuju osobne podatke registriranih Kupaca web-stranice shop.ilocki-podrumi.hr na razdoblje dok se ostvaruje svrha obrade, a to je razdoblje do trenutka do kada je aktivna registracija i \u0161est mjeseci nakon prestanka registracije Kupca u kojem razdoblju \u0107e biti rije\u0161ene eventualne reklamacije iz prethodnog razdoblja.<\/span><\/p>\n<h2><span style=\"font-weight: 400;\">Pristup i ispravak osobnim podacima<\/span><\/h2>\n<p><span style=\"font-weight: 400;\">Kupac i Korisnik u svakom trenutku ima mogu\u0107nost pristupa svojim osobnim podacima po registraciji na stranici te pristupom na \u201eMoj ra\u010dun\u201c gdje Kupac mo\u017ee revidirati svoje osobne podatke koje je podijelio s web-stranicom shop.ilocki-podrumi.hr. Kupac i Korisnik mo\u017ee zatra\u017eiti i dobiti od shop.ilocki-podrumi.hr cjelovitu informaciju o osobnim podacima koji su pohranjeni, kao i ispravak istih slanjem e-mail poruke na &#x77;&#x65;&#x62;&#x73;&#x68;&#x6f;&#x70;&#x40;&#x69;&#x6c;&#x6f;&#x63;&#x6b;&#x69;&#45;&#112;&#111;&#100;&#114;&#117;&#109;&#105;&#46;&#104;&#114;.<\/span><\/p>\n<h2><span style=\"font-weight: 400;\">Brisanje osobnih podataka (pravo na zaborav)<\/span><\/h2>\n<p><span style=\"font-weight: 400;\">Kupac i Korisnik ima pravo u bilo kojem trenutku zatra\u017eiti brisanje osobnih podataka (pravo na zaborav). Kupac to mo\u017ee u\u010diniti zahtjevom na e-mail &#x77;e&#x62;&#115;&#x68;&#x6f;p&#x40;&#105;&#x6c;&#x6f;c&#x6b;&#105;&#x2d;&#x70;o&#x64;&#114;&#x75;&#x6d;i&#x2e;&#104;&#x72; i podaci \u0107e biti izbrisani bez odga\u0111anja.<\/span><\/p>\n<h2><span style=\"font-weight: 400;\">Sigurnosne mjere za\u0161tite osobnih podataka<\/span><\/h2>\n<p><span style=\"font-weight: 400;\">Prikupljeni podaci su u elektroni\u010dkom obliku i za\u0161ti\u0107eni SSL certifikatom koji enkriptira podatke i tako osigurava da se komunikacija izme\u0111u ra\u010dunala Kupca odnosno Korisnika i shop.ilocki-podrumi.hr odvija sigurnim protokolom. Za\u0161titu podataka Ilo\u010dki podrumi uzimaju ozbiljno i poduzimaju razne mjere opreza kako bi osobni podaci bili za\u0161ti\u0107eni. Na\u017ealost, niti jedan prijenos podataka preko Interneta, ili bilo koje be\u017ei\u010dne mre\u017ee ne mo\u017ee biti 100% siguran. Kao posljedica toga, iako Ilo\u010dki podrumi provode razumne za\u0161titne mjere za za\u0161titu podataka ne mo\u017ee jam\u010diti za\u0161titu bilo koje informacije prenesene na ili s Internet stranice shop.ilocki-podrumi.hr te nije odgovoran za radnje bilo koje tre\u0107e strane koja takve informacije primi. Ilo\u010dki podrumi se mogu odlu\u010diti na pohranu osobnih podataka kod pru\u017eatelja usluga unutar EU a samo izvanredno izvan EU. To \u0107e u\u010diniti samo ako za tu zemlju postoji odluka Europske komisije o primjerenosti i ako je ugovoreno jamstvo te pridr\u017eavanje obvezuju\u0107ih propisa o za\u0161titi osobnih podataka.<\/span><\/p>\n<h2><span style=\"font-weight: 400;\">Pravila o postupanju s \u201ekola\u010di\u0107ima\u201c<\/span><\/h2>\n<p><span style=\"font-weight: 400;\">Kola\u010di\u0107i i druge tehnologije za pra\u0107enje mogu se koristiti na shop.ilocki-podrumi.hr web-stranici na razne na\u010dine npr. kako bi web-stranica funkcionirala, za analizu prometa ili u marketin\u0161ke svrhe.<\/span><\/p>\n<p><span style=\"font-weight: 400;\">Kola\u010di\u010d (eng. Cookie) je podatak male veli\u010dine koji web stranica pohranjuje u ra\u010dunalo ili mobilni ure\u0111aj posjetitelja. Kola\u010di\u0107 dozvoljava web stranici da \u201ezapamti\u201c akcije posjetitelja iz prethodnih posjeta. Ve\u0107ina preglednika dozvoljava upotrebu kola\u010di\u0107a, ali korisnik ih u svakom trenutku mo\u017ee obrisati\u00a0 ili u pregledniku postaviti zabranu pohrane istih. Naj\u010de\u0161\u0107i razlozi kori\u0161tenja kola\u010di\u0107a su: identifikacija posjetitelja, pam\u0107enje specifi\u010dnih preferencija korisnika, pomo\u0107 pri unosu informacija koje su ve\u0107 unesene prilikom prethodnih posjeta, skupljanje podataka za analize te promotivne kampanje.<\/span><\/p>\n<h3><span style=\"font-weight: 400;\">Kola\u010di\u0107i se mogu klasificirati kao:<\/span><\/h3>\n<p><span style=\"font-weight: 400;\">Privremeni kola\u010di\u0107i (Session cookies)\u00a0 \u2013 pohranjuju se na ra\u010dunalu , te se automatski bri\u0161u nakon zatvaranja web-preglednika. Omogu\u0107uju internatskoj stranici da dobije privremene podatke, poput komentara ili stanja ko\u0161arice za kupnju.<\/span><\/p>\n<p><span style=\"font-weight: 400;\">Trajni kola\u010di\u0107i (Persistent cookies) \u2013\u00a0 ostaju u va\u0161em web pregledniku i nakon zatvaranja i obi\u010dno imaju rok isteka. Shop.ilocki-podrumi.hr koristi trajne kola\u010di\u0107e kako bi olak\u0161ali pristup registriranim korisnicima. Pohranjujumo podatke kao \u0161to su korisni\u010dko ime i lozinka, \u0161to omogu\u0107uje da koristite funkcionalnost \u201ezapamti me\u201c prilikom prijavljivanja, tako da ne morate upisivati korisni\u010dko ime i lozinku svaki puta kada posje\u0107ujete shop.ilocki-podrumi.hr.<\/span><\/p>\n<p><span style=\"font-weight: 400;\">Kola\u010di\u0107 od prve strane \u2013 oni dolaze s web stranice koju ste posjetili, a mogu biti privremeni ili stalni. Omogu\u0107avaju web stranicama da spreme podatke koji se koriste kada korisnik ponovno posjeti web-stranicu. Kola\u010di\u0107i od tre\u0107e strane \u2013 postoji nekoliko vanjskih servisa koji korisniku spremaju limitirane kola\u010di\u0107e (Facebook, Instagram, Google Analytics i Google Ads).<\/span><\/p>\n<h3><span style=\"font-weight: 400;\">Koje su Vam opcije dostupne?<\/span><\/h3>\n<p><span style=\"font-weight: 400;\">U postavkama pretra\u017eiva\u010da kao \u0161to su Internet Explorer, Safary, Firefox ili Crome mo\u017eete odrediti koje kola\u010di\u0107e \u017eelite prihvatiti a koje \u0107ete odbiti. Mjesto na kojem mo\u017eete prona\u0107i postavke ovisi o vrsti Va\u0161eg pretra\u017eiva\u010da. Putem opcije \u201epomo\u0107\u201c u Va\u0161em pretra\u017eiva\u010du prona\u0111ite postavke koje trebate.<\/span><\/p>\n<p><span style=\"font-weight: 400;\">Ukoliko odaberete opciju da ne \u017eelite prihvatiti odre\u0111ene kola\u010di\u0107e, mo\u017eda ne\u0107ete mo\u0107i koristiti odre\u0111ene funkcije na shop.ilocki-podrumi.hr web-stranici.<\/span><\/p>\n<h2><span style=\"font-weight: 400;\">Va\u0161a privola<\/span><\/h2>\n<p><span style=\"font-weight: 400;\">Kori\u0161tenjem ove web stranice dajete privolu na ova Pravila o za\u0161titi privatnosti.<\/span><\/p>\n<h2><span style=\"font-weight: 400;\">Promjene na\u0161ih Pravila o za\u0161titi privatnosti<\/span><\/h2>\n<p><span style=\"font-weight: 400;\">U slu\u010daju promjena na\u0161ih Pravila o za\u0161titi privatnosti obavijestit \u0107emo Vas o tome na ovoj stranici i a\u017eurirati datum izmjene Pravila dolje kako slijedi.<\/span><\/p>\n<p><span style=\"font-weight: 400;\">Ova politika privatnosti je zadnji put izmijenjena 24. svibnja 2018. godine.<\/span><\/p>\n<h2><span style=\"font-weight: 400;\">Informacije za kontakt<\/span><\/h2>\n<p><span style=\"font-weight: 400;\">Ilo\u010dki podrumi rado \u0107e primiti va\u0161e komentare i sugestije u vezi s ovom Izjavom, kao i ostale primjedbe. Mo\u017eete nam se obratiti na: &#x77;&#x65;&#98;s&#x68;&#x6f;&#112;&#64;i&#x6c;&#x6f;&#99;&#107;i&#x2d;&#x70;&#111;dr&#x75;&#x6d;&#105;&#46;&#x68;&#x72;.<\/span><\/p>\n","protected":false},"excerpt":{"rendered":"<p>Ova Pravila o za\u0161titi privatnosti opisuju kako prikupljamo, upotrebljavamo i obra\u0111ujemo va\u0161e podatke, uklju\u010duju\u0107i i osobne podatke, u vezi s va\u0161im pristupom i kori\u0161tenjem web-stranice shop.ilocki-podrumi.hr. Popunjavanjem na\u0161ih obrazaca za registraciju ili kontinuiranim kori\u0161tenjem na\u0161ih usluga, pristajete na kori\u0161tenje va\u0161ih osobnih podataka u skladu s ovim pravilima. Voditelj obrade podataka je dioni\u010dko dru\u0161tvo Ilo\u010dki podrumi &hellip;<\/p>\n","protected":false},"author":2,"featured_media":0,"parent":0,"menu_order":0,"comment_status":"closed","ping_status":"closed","template":"page-usko.php","meta":{"_acf_changed":false,"footnotes":""},"class_list":["post-2560","page","type-page","status-publish","hentry"],"acf":[],"yoast_head":"<!-- This site is optimized with the Yoast SEO plugin v27.5 - https:\/\/yoast.com\/product\/yoast-seo-wordpress\/ -->\n<title>Privacy policy - Ilok cellars<\/title>\n<meta name=\"robots\" content=\"index, follow, max-snippet:-1, max-image-preview:large, max-video-preview:-1\" \/>\n<link rel=\"canonical\" href=\"https:\/\/shop.ilocki-podrumi.hr\/en\/privacy-policy\/\" \/>\n<meta property=\"og:locale\" content=\"en_US\" \/>\n<meta property=\"og:type\" content=\"article\" \/>\n<meta property=\"og:title\" content=\"Privacy policy - Ilok cellars\" \/>\n<meta property=\"og:description\" content=\"Ova Pravila o za\u0161titi privatnosti opisuju kako prikupljamo, upotrebljavamo i obra\u0111ujemo va\u0161e podatke, uklju\u010duju\u0107i i osobne podatke, u vezi s va\u0161im pristupom i kori\u0161tenjem web-stranice shop.ilocki-podrumi.hr. Popunjavanjem na\u0161ih obrazaca za registraciju ili kontinuiranim kori\u0161tenjem na\u0161ih usluga, pristajete na kori\u0161tenje va\u0161ih osobnih podataka u skladu s ovim pravilima. Voditelj obrade podataka je dioni\u010dko dru\u0161tvo Ilo\u010dki podrumi &hellip;\" \/>\n<meta property=\"og:url\" content=\"https:\/\/shop.ilocki-podrumi.hr\/en\/privacy-policy\/\" \/>\n<meta property=\"og:site_name\" content=\"Ilok cellars\" \/>\n<meta property=\"article:publisher\" content=\"https:\/\/www.facebook.com\/vrhunskovino\/\" \/>\n<meta property=\"article:modified_time\" content=\"2023-10-01T09:48:24+00:00\" \/>\n<meta property=\"og:image\" content=\"https:\/\/shop.ilocki-podrumi.hr\/wp-content\/uploads\/2020\/04\/frankovka.jpg\" \/>\n\t<meta property=\"og:image:width\" content=\"1900\" \/>\n\t<meta property=\"og:image:height\" content=\"805\" \/>\n\t<meta property=\"og:image:type\" content=\"image\/jpeg\" \/>\n<meta name=\"twitter:card\" content=\"summary_large_image\" \/>\n<meta name=\"twitter:site\" content=\"@vinoteke\" \/>\n<script type=\"application\/ld+json\" class=\"yoast-schema-graph\">{\"@context\":\"https:\\\/\\\/schema.org\",\"@graph\":[{\"@type\":\"WebPage\",\"@id\":\"https:\\\/\\\/shop.ilocki-podrumi.hr\\\/en\\\/privacy-policy\\\/\",\"url\":\"https:\\\/\\\/shop.ilocki-podrumi.hr\\\/en\\\/privacy-policy\\\/\",\"name\":\"Privacy policy - Ilok cellars\",\"isPartOf\":{\"@id\":\"https:\\\/\\\/shop.ilocki-podrumi.hr\\\/en\\\/#website\"},\"datePublished\":\"2020-04-01T06:29:11+00:00\",\"dateModified\":\"2023-10-01T09:48:24+00:00\",\"breadcrumb\":{\"@id\":\"https:\\\/\\\/shop.ilocki-podrumi.hr\\\/en\\\/privacy-policy\\\/#breadcrumb\"},\"inLanguage\":\"en-US\",\"potentialAction\":[{\"@type\":\"ReadAction\",\"target\":[\"https:\\\/\\\/shop.ilocki-podrumi.hr\\\/en\\\/privacy-policy\\\/\"]}]},{\"@type\":\"BreadcrumbList\",\"@id\":\"https:\\\/\\\/shop.ilocki-podrumi.hr\\\/en\\\/privacy-policy\\\/#breadcrumb\",\"itemListElement\":[{\"@type\":\"ListItem\",\"position\":1,\"name\":\"Po\u010detna stranica\",\"item\":\"https:\\\/\\\/shop.ilocki-podrumi.hr\\\/en\\\/home\\\/\"},{\"@type\":\"ListItem\",\"position\":2,\"name\":\"Privacy policy\"}]},{\"@type\":\"WebSite\",\"@id\":\"https:\\\/\\\/shop.ilocki-podrumi.hr\\\/en\\\/#website\",\"url\":\"https:\\\/\\\/shop.ilocki-podrumi.hr\\\/en\\\/\",\"name\":\"Ilo\u010dki podrumi\",\"description\":\"\",\"publisher\":{\"@id\":\"https:\\\/\\\/shop.ilocki-podrumi.hr\\\/en\\\/#organization\"},\"alternateName\":\"Ilo\u010dki podrumi\",\"potentialAction\":[{\"@type\":\"SearchAction\",\"target\":{\"@type\":\"EntryPoint\",\"urlTemplate\":\"https:\\\/\\\/shop.ilocki-podrumi.hr\\\/en\\\/?s={search_term_string}\"},\"query-input\":{\"@type\":\"PropertyValueSpecification\",\"valueRequired\":true,\"valueName\":\"search_term_string\"}}],\"inLanguage\":\"en-US\"},{\"@type\":\"Organization\",\"@id\":\"https:\\\/\\\/shop.ilocki-podrumi.hr\\\/en\\\/#organization\",\"name\":\"Ilok cellars\",\"url\":\"https:\\\/\\\/shop.ilocki-podrumi.hr\\\/en\\\/\",\"logo\":{\"@type\":\"ImageObject\",\"inLanguage\":\"en-US\",\"@id\":\"https:\\\/\\\/shop.ilocki-podrumi.hr\\\/en\\\/#\\\/schema\\\/logo\\\/image\\\/\",\"url\":\"https:\\\/\\\/shop.ilocki-podrumi.hr\\\/wp-content\\\/uploads\\\/2020\\\/04\\\/ilocki-podrumi-logo-h140tr.png\",\"contentUrl\":\"https:\\\/\\\/shop.ilocki-podrumi.hr\\\/wp-content\\\/uploads\\\/2020\\\/04\\\/ilocki-podrumi-logo-h140tr.png\",\"width\":382,\"height\":140,\"caption\":\"Ilok cellars\"},\"image\":{\"@id\":\"https:\\\/\\\/shop.ilocki-podrumi.hr\\\/en\\\/#\\\/schema\\\/logo\\\/image\\\/\"},\"sameAs\":[\"https:\\\/\\\/www.facebook.com\\\/vrhunskovino\\\/\",\"https:\\\/\\\/x.com\\\/vinoteke\",\"https:\\\/\\\/www.instagram.com\\\/ilocki_podrumi\\\/\"]}]}<\/script>\n<!-- \/ Yoast SEO plugin. -->","yoast_head_json":{"title":"Privacy policy - Ilok cellars","robots":{"index":"index","follow":"follow","max-snippet":"max-snippet:-1","max-image-preview":"max-image-preview:large","max-video-preview":"max-video-preview:-1"},"canonical":"https:\/\/shop.ilocki-podrumi.hr\/en\/privacy-policy\/","og_locale":"en_US","og_type":"article","og_title":"Privacy policy - Ilok cellars","og_description":"Ova Pravila o za\u0161titi privatnosti opisuju kako prikupljamo, upotrebljavamo i obra\u0111ujemo va\u0161e podatke, uklju\u010duju\u0107i i osobne podatke, u vezi s va\u0161im pristupom i kori\u0161tenjem web-stranice shop.ilocki-podrumi.hr. Popunjavanjem na\u0161ih obrazaca za registraciju ili kontinuiranim kori\u0161tenjem na\u0161ih usluga, pristajete na kori\u0161tenje va\u0161ih osobnih podataka u skladu s ovim pravilima. Voditelj obrade podataka je dioni\u010dko dru\u0161tvo Ilo\u010dki podrumi &hellip;","og_url":"https:\/\/shop.ilocki-podrumi.hr\/en\/privacy-policy\/","og_site_name":"Ilok cellars","article_publisher":"https:\/\/www.facebook.com\/vrhunskovino\/","article_modified_time":"2023-10-01T09:48:24+00:00","og_image":[{"width":1900,"height":805,"url":"https:\/\/shop.ilocki-podrumi.hr\/wp-content\/uploads\/2020\/04\/frankovka.jpg","type":"image\/jpeg"}],"twitter_card":"summary_large_image","twitter_site":"@vinoteke","schema":{"@context":"https:\/\/schema.org","@graph":[{"@type":"WebPage","@id":"https:\/\/shop.ilocki-podrumi.hr\/en\/privacy-policy\/","url":"https:\/\/shop.ilocki-podrumi.hr\/en\/privacy-policy\/","name":"Privacy policy - Ilok cellars","isPartOf":{"@id":"https:\/\/shop.ilocki-podrumi.hr\/en\/#website"},"datePublished":"2020-04-01T06:29:11+00:00","dateModified":"2023-10-01T09:48:24+00:00","breadcrumb":{"@id":"https:\/\/shop.ilocki-podrumi.hr\/en\/privacy-policy\/#breadcrumb"},"inLanguage":"en-US","potentialAction":[{"@type":"ReadAction","target":["https:\/\/shop.ilocki-podrumi.hr\/en\/privacy-policy\/"]}]},{"@type":"BreadcrumbList","@id":"https:\/\/shop.ilocki-podrumi.hr\/en\/privacy-policy\/#breadcrumb","itemListElement":[{"@type":"ListItem","position":1,"name":"Po\u010detna stranica","item":"https:\/\/shop.ilocki-podrumi.hr\/en\/home\/"},{"@type":"ListItem","position":2,"name":"Privacy policy"}]},{"@type":"WebSite","@id":"https:\/\/shop.ilocki-podrumi.hr\/en\/#website","url":"https:\/\/shop.ilocki-podrumi.hr\/en\/","name":"Ilo\u010dki podrumi","description":"","publisher":{"@id":"https:\/\/shop.ilocki-podrumi.hr\/en\/#organization"},"alternateName":"Ilo\u010dki podrumi","potentialAction":[{"@type":"SearchAction","target":{"@type":"EntryPoint","urlTemplate":"https:\/\/shop.ilocki-podrumi.hr\/en\/?s={search_term_string}"},"query-input":{"@type":"PropertyValueSpecification","valueRequired":true,"valueName":"search_term_string"}}],"inLanguage":"en-US"},{"@type":"Organization","@id":"https:\/\/shop.ilocki-podrumi.hr\/en\/#organization","name":"Ilok cellars","url":"https:\/\/shop.ilocki-podrumi.hr\/en\/","logo":{"@type":"ImageObject","inLanguage":"en-US","@id":"https:\/\/shop.ilocki-podrumi.hr\/en\/#\/schema\/logo\/image\/","url":"https:\/\/shop.ilocki-podrumi.hr\/wp-content\/uploads\/2020\/04\/ilocki-podrumi-logo-h140tr.png","contentUrl":"https:\/\/shop.ilocki-podrumi.hr\/wp-content\/uploads\/2020\/04\/ilocki-podrumi-logo-h140tr.png","width":382,"height":140,"caption":"Ilok cellars"},"image":{"@id":"https:\/\/shop.ilocki-podrumi.hr\/en\/#\/schema\/logo\/image\/"},"sameAs":["https:\/\/www.facebook.com\/vrhunskovino\/","https:\/\/x.com\/vinoteke","https:\/\/www.instagram.com\/ilocki_podrumi\/"]}]}},"_links":{"self":[{"href":"https:\/\/shop.ilocki-podrumi.hr\/en\/wp-json\/wp\/v2\/pages\/2560","targetHints":{"allow":["GET"]}}],"collection":[{"href":"https:\/\/shop.ilocki-podrumi.hr\/en\/wp-json\/wp\/v2\/pages"}],"about":[{"href":"https:\/\/shop.ilocki-podrumi.hr\/en\/wp-json\/wp\/v2\/types\/page"}],"author":[{"embeddable":true,"href":"https:\/\/shop.ilocki-podrumi.hr\/en\/wp-json\/wp\/v2\/users\/2"}],"replies":[{"embeddable":true,"href":"https:\/\/shop.ilocki-podrumi.hr\/en\/wp-json\/wp\/v2\/comments?post=2560"}],"version-history":[{"count":1,"href":"https:\/\/shop.ilocki-podrumi.hr\/en\/wp-json\/wp\/v2\/pages\/2560\/revisions"}],"predecessor-version":[{"id":2561,"href":"https:\/\/shop.ilocki-podrumi.hr\/en\/wp-json\/wp\/v2\/pages\/2560\/revisions\/2561"}],"wp:attachment":[{"href":"https:\/\/shop.ilocki-podrumi.hr\/en\/wp-json\/wp\/v2\/media?parent=2560"}],"curies":[{"name":"wp","href":"https:\/\/api.w.org\/{rel}","templated":true}]}}